{"id":154,"date":"2014-09-17T06:41:56","date_gmt":"2014-09-17T06:41:56","guid":{"rendered":"http:\/\/pubweb.carnet.hr\/zkz\/?page_id=154"},"modified":"2023-09-21T13:19:49","modified_gmt":"2023-09-21T13:19:49","slug":"kontakti","status":"publish","type":"page","link":"https:\/\/zkz.hr\/?page_id=154","title":{"rendered":"Kontakti"},"content":{"rendered":"<p><strong>Zajednica Kr\u0161\u0107anskog \u017divota \u2013 ZK\u017d<\/strong><\/p>\n<p>Palmoti\u0107eva 33 10000 Zagreb<\/p>\n<table>\n<tbody>\n<tr>\n<td><a href=\"http:\/\/pubweb.carnet.hr\/zkz\/wp-content\/uploads\/sites\/130\/2014\/09\/telefon.gif\"><img loading=\"lazy\" decoding=\"async\" class=\"alignnone  wp-image-157\" src=\"http:\/\/pubweb.carnet.hr\/zkz\/wp-content\/uploads\/sites\/130\/2014\/09\/telefon.gif\" alt=\"telefon\" width=\"40\" height=\"40\" \/><\/a><\/td>\n<td>Kontakti isklju\u010divo emailom predsjednikzkz(at)gmail.com !<\/td>\n<\/tr>\n<tr>\n<td><\/td>\n<td><\/td>\n<\/tr>\n<tr>\n<td>\u00a0<a href=\"http:\/\/pubweb.carnet.hr\/zkz\/wp-content\/uploads\/sites\/130\/2014\/09\/Facebooklogopic-1.png\"><img loading=\"lazy\" decoding=\"async\" class=\"alignnone wp-image-155\" src=\"http:\/\/pubweb.carnet.hr\/zkz\/wp-content\/uploads\/sites\/130\/2014\/09\/Facebooklogopic-1-300x300.png\" alt=\"Facebooklogopic (1)\" width=\"45\" height=\"45\" srcset=\"https:\/\/zkz.hr\/wp-content\/uploads\/sites\/130\/2014\/09\/Facebooklogopic-1-300x300.png 300w, https:\/\/zkz.hr\/wp-content\/uploads\/sites\/130\/2014\/09\/Facebooklogopic-1-150x150.png 150w, https:\/\/zkz.hr\/wp-content\/uploads\/sites\/130\/2014\/09\/Facebooklogopic-1.png 512w\" sizes=\"auto, (max-width: 45px) 100vw, 45px\" \/><\/a><\/td>\n<td>\u00a0<a href=\"https:\/\/www.facebook.com\/ZKZ.Hrvatska.CLC.Croatia?ref=ts&amp;fref=ts\" target=\"_blank\" rel=\"noopener\">www.facebook.com<\/a><\/td>\n<\/tr>\n<\/tbody>\n<\/table>\n<p><strong>Mati\u010dni broj<\/strong>: 1557688<\/p>\n<p><strong>OIB<\/strong>: 05835396155<br \/>\n<strong>Kunski \u017diro ra\u010dun (PBZ)<\/strong>: HR3523400091110019390<\/p>\n<hr noshade=\"noshade\" size=\"1\" \/>\n<table>\n<tbody>\n<tr bgcolor=\"#f3f3f3\">\n<td><strong>Crkveni asistent:<\/strong><\/td>\n<td>\u00a0p. Mate Samard\u017ei\u0107<\/td>\n<td width=\"147\">crkveniasistent(at)gmail.com<\/td>\n<\/tr>\n<tr>\n<td><strong>Predsjednik:<\/strong><\/td>\n<td width=\"116\">Damijan Srdo\u010d<\/td>\n<td width=\"147\">predsjednikzkz(at)gmail.com<\/td>\n<\/tr>\n<tr bgcolor=\"#f3f3f3\">\n<td><strong>Potpredsjednica:<\/strong><\/td>\n<td width=\"116\">Jadranka A\u017ei\u0107<\/td>\n<td width=\"147\"><\/td>\n<\/tr>\n<tr>\n<td><strong>Tajnik:<\/strong><\/td>\n<td width=\"116\">An\u0111a Jakovljevi\u0107<\/td>\n<td width=\"147\">clczkz(at)gmail.com<\/td>\n<\/tr>\n<tr bgcolor=\"#f3f3f3\">\n<td><strong>Blagajnik :<\/strong><\/td>\n<td width=\"116\">Nikola Marini\u0107<\/td>\n<td width=\"147\"><\/td>\n<\/tr>\n<tr>\n<td><strong>Eurolink:<\/strong><\/td>\n<td width=\"116\">Katelijn Radi\u0107<\/td>\n<td width=\"147\">eurolinkzkz(at)gmail.com<\/td>\n<\/tr>\n<tr bgcolor=\"#f3f3f3\">\n<td><strong>Urednica Cardoner:<br \/>\n<\/strong><\/td>\n<td>An\u0111a Jakovljevi\u0107<\/td>\n<td width=\"147\"><\/td>\n<\/tr>\n<tr bgcolor=\"#f3f3f3\">\n<td width=\"160\"><strong>Webmaster:<\/strong><\/td>\n<td>Damijan Srdo\u010d<\/td>\n<td width=\"147\">clczkz(at)gmail.com<\/td>\n<\/tr>\n<\/tbody>\n<\/table>\n<p>Ako ste iz Zagreba ili Rijeke, a \u017eelite priklju\u010diti, po\u0161aljite nam email na predsjednikzkz(at)gmail.com, pa \u0107emo vas povezati sa grupom ZK\u017d-a!<\/p>\n","protected":false},"excerpt":{"rendered":"<p>Zajednica Kr\u0161\u0107anskog \u017divota \u2013 ZK\u017d Palmoti\u0107eva 33 10000 Zagreb Kontakti isklju\u010divo emailom predsjednikzkz(at)gmail.com ! \u00a0 \u00a0www.facebook.com Mati\u010dni broj: 1557688 OIB: 05835396155 Kunski \u017diro ra\u010dun (PBZ): HR3523400091110019390 Crkveni asistent: \u00a0p. Mate Samard\u017ei\u0107 crkveniasistent(at)gmail.com Predsjednik: Damijan Srdo\u010d predsjednikzkz(at)gmail.com Potpredsjednica: Jadranka A\u017ei\u0107 Tajnik: An\u0111a Jakovljevi\u0107 clczkz(at)gmail.com Blagajnik : Nikola Marini\u0107 Eurolink: Katelijn Radi\u0107 eurolinkzkz(at)gmail.com Urednica Cardoner: An\u0111a Jakovljevi\u0107 [&hellip;]<\/p>\n","protected":false},"author":128,"featured_media":187,"parent":0,"menu_order":0,"comment_status":"closed","ping_status":"closed","template":"","meta":{"footnotes":""},"class_list":["post-154","page","type-page","status-publish","has-post-thumbnail","czr-hentry"],"_links":{"self":[{"href":"https:\/\/zkz.hr\/index.php?rest_route=\/wp\/v2\/pages\/154","targetHints":{"allow":["GET"]}}],"collection":[{"href":"https:\/\/zkz.hr\/index.php?rest_route=\/wp\/v2\/pages"}],"about":[{"href":"https:\/\/zkz.hr\/index.php?rest_route=\/wp\/v2\/types\/page"}],"author":[{"embeddable":true,"href":"https:\/\/zkz.hr\/index.php?rest_route=\/wp\/v2\/users\/128"}],"replies":[{"embeddable":true,"href":"https:\/\/zkz.hr\/index.php?rest_route=%2Fwp%2Fv2%2Fcomments&post=154"}],"version-history":[{"count":3,"href":"https:\/\/zkz.hr\/index.php?rest_route=\/wp\/v2\/pages\/154\/revisions"}],"predecessor-version":[{"id":1069,"href":"https:\/\/zkz.hr\/index.php?rest_route=\/wp\/v2\/pages\/154\/revisions\/1069"}],"wp:featuredmedia":[{"embeddable":true,"href":"https:\/\/zkz.hr\/index.php?rest_route=\/wp\/v2\/media\/187"}],"wp:attachment":[{"href":"https:\/\/zkz.hr\/index.php?rest_route=%2Fwp%2Fv2%2Fmedia&parent=154"}],"curies":[{"name":"wp","href":"https:\/\/api.w.org\/{rel}","templated":true}]}}