{"id":2,"date":"2014-08-14T10:58:04","date_gmt":"2014-08-14T10:58:04","guid":{"rendered":"http:\/\/pubweb.carnet.hr\/zkz\/?page_id=2"},"modified":"2023-09-22T05:51:17","modified_gmt":"2023-09-22T05:51:17","slug":"primjer-stranice","status":"publish","type":"page","link":"https:\/\/zkz.hr\/?page_id=2","title":{"rendered":"Poticaj ZK\u017d-u"},"content":{"rendered":"<h1>Prije svega ZK\u017d<\/h1>\n<p>Prije nego li smo poklonici duhovnosti svetog Ignacija, ili prijatelji isusovaca &#8211; zajednica smo onih koji \u017eele kr\u0161\u0107anski \u017eivjeti. Stoga je polazna meditacija na\u0161e duhovnosti: &#8220;Bijahu zdru\u017eeni i sve im bija\u0161e zajedni\u010dko&#8221; (Dj 2,44). To se zdru\u017eenje zbiva po Duhu Svetom, koji je du\u0161a i smisao ZK\u017d-a. On je i presudni \u010dimbenik na\u0161e formacije; jer tek Duhom zahva\u0107eni, za\u017eareni, oslobodeni &#8211; mi postajemo ZK\u017d. Po Duhu se prepoznajemo kao zajedni\u010dari istih vrijednosti. I po istom Duhu smjelo i radosno jedni drugima pristupamo u istini. Prije nego smo \u0161kola duhovnog \u017eivota, mi smo praksa. U\u010dimo daju\u0107i se pou\u010davati. Rastemo priznaju\u0107i da grije\u0161imo. Ni\u0161ta nije tako tu\u0111e ZK\u017d-u nego stanje &#8220;ja sam kao dobar&#8221; &#8211; &#8220;ti si kao dobar&#8221;, i sve je ovo &#8220;kao dobro&#8221;. Plod takvog ne\u010deg je duhovna sterilnost i dosada. Nasuprot tome vrelo na\u0161e vitalnosti je istina, i to ona koja na\u0161u oholost u\u010dini jadnom, prije nam duh oslobodi. Ne zaboravimo da pravilo na\u0161eg me\u0111usobnog opho\u0111enja, nije bon-ton, nego evan\u0111elje. Stoga se od voditelja grupa o\u010dekuje da zahtjeva i poti\u010de produbljenu zajedni\u010dku molitvu, te da razobli\u010duje svako maskiranje stvarnog ozra\u010dja u grupi.<\/p>\n<p>ZK\u017d je zajednica smjelih ljudi, onih koji misle kreativno, djeluju konstruktivno, i usu\u0111uju se \u017eivjeti evan\u0111eoski opasno. Susreti su prilika da iznesemo ideje i inicijative. \u010clanovima ZK\u017d-a je strana pasivnost, stav promatra\u010da ili duhovnog parazitiranja. Sva ta na\u010dela vrijede i za privatni \u017eivot &#8211; o\u010dekuje se odgovornost za studij, posao i obitelj.<\/p>\n<p>Parafrazirajmo poznate rije\u010di i primijenimo: Ne pitaj \u0161to je ZK\u017d u\u010dinio za tebe &#8211; ve\u0107 \u0161to si ti u\u010dinio za ZK\u017d? Ako jo\u0161 nisi ni\u0161ta, kad \u0107e\u0161? I ne zaboravi da nikad ne\u0107e\u0161 biti mla\u0111i nego sad, nikad ja\u010di i nikad pame\u0107u svje\u017eiji. Isus te treba, on \u010deka. Stoji na vratima tvoga srca i kuca. Otvori mu. Ako ni to ne zna\u0161 &#8211; onda ga zamoli da sam provali.<\/p>\n<p>p. Luka Ra\u0111a, DI<br \/>\nPisano za Obavijesti 25 listopada 2000.<\/p>\n<p>&nbsp;<\/p>\n<h1>Specifi\u010dnosti ZK\u017d duhovnosti:<\/h1>\n<p>Posve je o\u010dito da su na\u0161e zajednice Bo\u017eje djelo, i ni u kom slu\u010daju ih ne bi smo smjeli uokvirivati u na\u0161e ograni\u010dene ljudske dosege. Kao ljudi vi\u010dni razlikovanju duhova, u svom radu trebamo uzmicati u drugi plan, a Bogu dopu\u0161tati da on ima inicijativu. Najljep\u0161a vrlina do koje \u017eelimo izrasti je: ne smetati Bogu. Odazivati mu se, \u010diniti ono za \u0161to nam je dao snage. Ne biti vo\u0111en strahom, a niti se preuzetno forsirati. Stajati pred njim u \u010disto\u0107i srca i pitati se: \u0160to je Gospodine tvoja volja?<\/p>\n<p><strong> 1. \u017divotni stil &#8211; razlu\u010divanje:<\/strong> Dalek nam je i stran svaki kli\u0161eizam. Nismo robovi formi i sterilnih obi\u010daja. Na\u0161a duhovnost od nas \u010dini trezvene ljude, sposobne &#8220;zdravo selja\u010dki zaklju\u010divati&#8221;. Takvo ne\u0161to proizlazi iz molitve: &#8220;Govori Gospodine sluga tvoj slu\u0161a&#8221;<\/p>\n<p><strong>2. Mi ne analiziramo probleme, nego razlikujemo duhove:<\/strong> Na\u0161i sastanci su bitno druga\u010diji od partijskih sastanaka. Mi nismo ideologija, nego duhovnost. Mi nismo demokracija, nego poslu\u0161nost Duhu. Mi ne analiziramo da se ne paraliziramo. Mi smo kao lagana i slobodna igla kompasa koja nema svoje volje, ve\u0107 pokazuje ono \u0161to od nje zahtjeva magnetsko polje.<\/p>\n<p><strong> 3. Vje\u0161tina razumijevanja \u0161to Duh Sveti govori:<\/strong> Mi vjerujemo da Bog koji je progovarao svakom vremenu i svakoj zajednici &#8211; \u017eeli i meni, tebi, nama kao zajednici &#8211; ovdje i sada progovoriti. Mi ne nosimo kamene plo\u010de zakona u rukama, ve\u0107 Bo\u017eji zakon imamo zapisan u na\u0161im srcima. Svjesni smo da slovo ubija, a Duh o\u017eivljava.<\/p>\n<p><strong>4. Predstavljamo lice suvremene Crkve:<\/strong> Ne \u017eelimo se povla\u010diti iz suvremenog svijeta u nostalgi\u010dnu oazu pro\u0161lih vremena. Uvjereni smo da Bog voli i podr\u017eava sva suvremena, plemenita dostignu\u0107a u dru\u0161tvenom \u017eivotu, tehnici, kulturi. Slikovito kazano: on ne \u017eeli da pi\u0161emo gu\u0161\u0107im perom, nego kompjutorom. Uvjetno kazano: mi nismo desnica, nego ljevica.<\/p>\n<p><strong>5. Duhovnost nam je optimisti\u010dna:<\/strong> Iskusili smo Bo\u017eju dobrotu i ljubav, i o tome ne mo\u017eemo \u0161utjeti &#8211; to je sve. Zahva\u0107eni smo Kristom. Svjetiljka na\u0161eg srca je upaljena na Svjetlu svijeta, i mi ne mo\u017eemo nego svijetliti. Na\u0161 apostolat, misija, propovijed &#8211; za nas nije posao, vec na\u010din na\u0161eg postojanja.<\/p>\n<p>&nbsp;<\/p>\n<h1>Principi ZK\u017d duhovnosti:<\/h1>\n<p>1. Mislimo kreativno, djelujemo konstruktivno, \u017eivimo evan\u0111eoski opasno.<\/p>\n<p>2. Kao Marija smo do Isusovih nogu. Kao Zakej penjemo se na smokvu da ga vidimo.<\/p>\n<p>3. Kontemplacija smo u akciji.<\/p>\n<p>4. Informacija, komunikacija, meditacija.<\/p>\n<p>5. Sempre maior. Ljudi smo velikih \u017eelja. Nikad ne reci nikad.<\/p>\n<p>6. AMDG. Bog je bitan, sve ostalo je relativno. Njegovu slavu i ljubav proklamiramo.<\/p>\n<p>&nbsp;<\/p>\n<h1>Misija ZK\u017d-a:<\/h1>\n<p><strong>1. Promotori duhovnih vje\u017ebi:<\/strong> Zamislite koliki bi to bio poklon crkvi i dru\u0161tvu &#8211; podizati svijest potrebe da se svaki vjernik godi\u0161nje povu\u010de par dana u duhovne vje\u017ebe. Ali ne tek govoriti o tome, ve\u0107 i osigurati uvjete da se takvo ne\u0161to i ostvari. Uklju\u010diti se u akciju oformljivanja duhovnih centara, nala\u017eenje sponzora, osigurati duhovnike. Zamislite kad bi mogli za simboli\u010dnu sumu novca (ili besplatno) pozivati \u0161kolsku mlade\u017e na duhovne vje\u017ebe. U\u010diniti dru\u0161tvo duhovno otmjenijim.<\/p>\n<p><strong>2. Promotori kulture savjesti:<\/strong> Zamislite kad bi smo ovladali teorijom i praksom pitanja ljudske savjesti. Kad bi smo postali eksperti za to podru\u010dje zajedni\u010dko svim ljudima. I kad bi smo argumentirano mogli govoriti koliko je bitno dnevno ispitivati svoju savjest. Koliko bi umanjili neuroze, psihosomstske bolesti, depresije. Uvjeren sam da bi nam ravnatelji \u0161kola \u0161irom otvarali vrata da u\u010denicima o tome govorimo.<\/p>\n<p><strong>3. Organizatori ljetovanja za mlade:<\/strong> Zamislite kad bi mladi iz siroma\u0161nih obitelji imali mogu\u0107nost povoljnog (mo\u017eda i besplatnog) ljetovanja na moru. Kad bi smo onima koji se \u017eele odmarati, a to ne znaju, ponudili sadr\u017eajan odmor. Kad bi smo se zalo\u017eili da u nekoj ku\u0107i, ili \u0161atorskom naselju &#8211; organiziramo kroz \u010ditavo ljeto program za grupe koje se izmjenjuju. Osje\u0107a\u0161 li se potaknut uklju\u010diti se u ovako ne\u0161to, razmi\u0161ljaj: Kako bi im trebalo osmisliti dan? Kako do\u0107i do sponzora? Od koga dobiti potrebnu ku\u0107u ili prostor na moru? Da li bi ti mogao biti duhovni animator u jednom ljetnom periodu?<\/p>\n<p><strong>4. Voditelji duhovnih vje\u017ebi:<\/strong> Upravo tako. Nakon nekoliko godina provedenih u ZK\u017d-u, sasvim je realno o\u010dekivati da \u0107e biti \u010dlanova sposobnih za samostalno vo\u0111enje duhovnih vje\u017ebi. Ako je to tvoja \u017eelja, ako se osje\u0107a\u0161 na to potaknut &#8211; ozbiljno prioni studiju ignacijanske duhovnosti, upi\u0161i mo\u017eda i fakultet teologije, zanimaj se da li postoji te\u010daj za voditelje duhovnih vje\u017ebi. Potakni svog duhovnog asistenta da tako ne\u0161to organizira. Ako bi se na to odlu\u010dio, i ako bi bio vrstan u tom apostolatu &#8211; zacijelo bi ti to mogao biti i izvor materijalnih prihoda za tvoj privatni \u017eivot.<\/p>\n<p><strong>5. Voditelji te\u010dajeva kr\u0161\u0107anske meditacije:<\/strong> Za\u0161to ne? Zar misli\u0161 da su \u0161kolovaniji oni koji pozivaju na te\u010dajeve &#8220;Joge&#8221;, &#8220;TM-a&#8221;, &#8220;Reiki-a&#8221;? Osje\u0107a\u0161 li se pozvanim, posegni za literaturom, uhvati nekog isusovca da ti prenese svoja iskustva, prakticiraj to sam. A onda zalijepi i ti svoj plakat: &#8220;Sve ostalo su pri\u010de &#8211; do\u0111i i ku\u0161aj kr\u0161\u0107ansku meditaciju&#8221;<\/p>\n<p>&nbsp;<\/p>\n<p><strong>Jo\u0161 par bilje\u0161ki:<\/strong><\/p>\n<ol>\n<li>Mislite ozbiljno o tome kako osmisliti susrete za mlade obitelji. Oni o\u010dito imaju svoje specificne preokupacije &#8211; te bi bilo logi\u010dno da se me\u0111usobno povezuju, potpoma\u017eu, te da njihovo dru\u017eenje bude oboga\u0107enje za njihov privatni \u017eivot.<\/li>\n<li>Mislite i o tome kako potaknuti na brak rastu\u0107i broj onih koji se odlu\u010duju biti &#8220;stari momci&#8221;, &#8220;stare cure&#8221; (raspravu na ovu temu mo\u017eete na\u0107i na <a href=\"http:\/\/www.skac.hr\" target=\"_blank\" rel=\"noopener\">www.skac.hr<\/a>).<\/li>\n<li>Dobro je da postoji i karitativna aktivnost. Da se zna tko je koordinator toga, od koga se mogu dobiti adrese potrebnika koje bi trebalo pohoditi ili im pomo\u0107i.<\/li>\n<\/ol>\n<p>Ima toga jo\u0161, ali neka bude dosta za ovaj put. Sve ideje, poticaje duhovne, i ostalo &#8211; dojavite da prenesemo i drugima. I neka vas nebo prati, i an\u0111eli \u010duvaju.<\/p>\n<p>Od srca,<\/p>\n<p>p. Luka Ra\u0111a<\/p>\n","protected":false},"excerpt":{"rendered":"<p>Prije svega ZK\u017d Prije nego li smo poklonici duhovnosti svetog Ignacija, ili prijatelji isusovaca &#8211; zajednica smo onih koji \u017eele kr\u0161\u0107anski \u017eivjeti. Stoga je polazna meditacija na\u0161e duhovnosti: &#8220;Bijahu zdru\u017eeni i sve im bija\u0161e zajedni\u010dko&#8221; (Dj 2,44). To se zdru\u017eenje zbiva po Duhu Svetom, koji je du\u0161a i smisao ZK\u017d-a. On je i presudni \u010dimbenik [&hellip;]<\/p>\n","protected":false},"author":128,"featured_media":932,"parent":0,"menu_order":0,"comment_status":"closed","ping_status":"closed","template":"","meta":{"footnotes":""},"class_list":["post-2","page","type-page","status-publish","has-post-thumbnail","czr-hentry"],"_links":{"self":[{"href":"https:\/\/zkz.hr\/index.php?rest_route=\/wp\/v2\/pages\/2","targetHints":{"allow":["GET"]}}],"collection":[{"href":"https:\/\/zkz.hr\/index.php?rest_route=\/wp\/v2\/pages"}],"about":[{"href":"https:\/\/zkz.hr\/index.php?rest_route=\/wp\/v2\/types\/page"}],"author":[{"embeddable":true,"href":"https:\/\/zkz.hr\/index.php?rest_route=\/wp\/v2\/users\/128"}],"replies":[{"embeddable":true,"href":"https:\/\/zkz.hr\/index.php?rest_route=%2Fwp%2Fv2%2Fcomments&post=2"}],"version-history":[{"count":3,"href":"https:\/\/zkz.hr\/index.php?rest_route=\/wp\/v2\/pages\/2\/revisions"}],"predecessor-version":[{"id":1073,"href":"https:\/\/zkz.hr\/index.php?rest_route=\/wp\/v2\/pages\/2\/revisions\/1073"}],"wp:featuredmedia":[{"embeddable":true,"href":"https:\/\/zkz.hr\/index.php?rest_route=\/wp\/v2\/media\/932"}],"wp:attachment":[{"href":"https:\/\/zkz.hr\/index.php?rest_route=%2Fwp%2Fv2%2Fmedia&parent=2"}],"curies":[{"name":"wp","href":"https:\/\/api.w.org\/{rel}","templated":true}]}}